{"id":3310,"date":"2023-11-20T16:00:10","date_gmt":"2023-11-20T16:00:10","guid":{"rendered":"https:\/\/nodi-itaca.com\/?page_id=3310"},"modified":"2024-12-02T18:40:43","modified_gmt":"2024-12-02T18:40:43","slug":"newsletter-9-2-11-2023","status":"publish","type":"page","link":"https:\/\/nodi-itaca.com\/index.php\/lasciati-ispirare\/newsletter-9-2-11-2023\/","title":{"rendered":"Newsletter 9 &#8211; 2\/11\/2023"},"content":{"rendered":"\t\t<div data-elementor-type=\"wp-page\" data-elementor-id=\"3310\" class=\"elementor elementor-3310\" data-elementor-post-type=\"page\">\n\t\t\t\t\t\t<section class=\"elementor-section elementor-top-section elementor-element elementor-element-7f293d9 elementor-section-boxed elementor-section-height-default elementor-section-height-default\" data-id=\"7f293d9\" data-element_type=\"section\" data-e-type=\"section\">\n\t\t\t\t\t\t<div class=\"elementor-container elementor-column-gap-default\">\n\t\t\t\t\t<div class=\"elementor-column elementor-col-100 elementor-top-column elementor-element elementor-element-f548230\" data-id=\"f548230\" data-element_type=\"column\" data-e-type=\"column\">\n\t\t\t<div class=\"elementor-widget-wrap elementor-element-populated\">\n\t\t\t\t\t\t<div class=\"elementor-element elementor-element-0c97ad0 elementor-widget elementor-widget-spacer\" data-id=\"0c97ad0\" data-element_type=\"widget\" data-e-type=\"widget\" data-widget_type=\"spacer.default\">\n\t\t\t\t<div class=\"elementor-widget-container\">\n\t\t\t\t\t\t\t<div class=\"elementor-spacer\">\n\t\t\t<div class=\"elementor-spacer-inner\"><\/div>\n\t\t<\/div>\n\t\t\t\t\t\t<\/div>\n\t\t\t\t<\/div>\n\t\t\t\t\t<\/div>\n\t\t<\/div>\n\t\t\t\t\t<\/div>\n\t\t<\/section>\n\t\t\t\t<section class=\"elementor-section elementor-top-section elementor-element elementor-element-e73d7fb elementor-section-height-min-height elementor-section-boxed elementor-section-height-default elementor-section-items-middle\" data-id=\"e73d7fb\" data-element_type=\"section\" data-e-type=\"section\" data-settings=\"{&quot;background_background&quot;:&quot;classic&quot;}\">\n\t\t\t\t\t\t<div class=\"elementor-container elementor-column-gap-default\">\n\t\t\t\t\t<div class=\"elementor-column elementor-col-100 elementor-top-column elementor-element elementor-element-0f68870\" data-id=\"0f68870\" data-element_type=\"column\" data-e-type=\"column\">\n\t\t\t<div class=\"elementor-widget-wrap elementor-element-populated\">\n\t\t\t\t\t\t<div class=\"elementor-element elementor-element-5305ef7 elementor-widget elementor-widget-heading\" data-id=\"5305ef7\" data-element_type=\"widget\" data-e-type=\"widget\" data-widget_type=\"heading.default\">\n\t\t\t\t<div class=\"elementor-widget-container\">\n\t\t\t\t\t<h2 class=\"elementor-heading-title elementor-size-default\">Newsletter n. 9<\/h2>\t\t\t\t<\/div>\n\t\t\t\t<\/div>\n\t\t\t\t<div class=\"elementor-element elementor-element-c023153 elementor-widget elementor-widget-text-editor\" data-id=\"c023153\" data-element_type=\"widget\" data-e-type=\"widget\" data-widget_type=\"text-editor.default\">\n\t\t\t\t<div class=\"elementor-widget-container\">\n\t\t\t\t\t\t\t\t\t<p><strong><em>a cura di Federico Esu<\/em><\/strong><\/p>\t\t\t\t\t\t\t\t<\/div>\n\t\t\t\t<\/div>\n\t\t\t\t\t<\/div>\n\t\t<\/div>\n\t\t\t\t\t<\/div>\n\t\t<\/section>\n\t\t\t\t<section class=\"elementor-section elementor-top-section elementor-element elementor-element-f81e564 elementor-section-boxed elementor-section-height-default elementor-section-height-default\" data-id=\"f81e564\" data-element_type=\"section\" data-e-type=\"section\">\n\t\t\t\t\t\t<div class=\"elementor-container elementor-column-gap-default\">\n\t\t\t\t\t<div class=\"elementor-column elementor-col-100 elementor-top-column elementor-element elementor-element-b5e1546\" data-id=\"b5e1546\" data-element_type=\"column\" data-e-type=\"column\">\n\t\t\t<div class=\"elementor-widget-wrap elementor-element-populated\">\n\t\t\t\t\t\t<div class=\"elementor-element elementor-element-b098e96 elementor-widget elementor-widget-spacer\" data-id=\"b098e96\" data-element_type=\"widget\" data-e-type=\"widget\" data-widget_type=\"spacer.default\">\n\t\t\t\t<div class=\"elementor-widget-container\">\n\t\t\t\t\t\t\t<div class=\"elementor-spacer\">\n\t\t\t<div class=\"elementor-spacer-inner\"><\/div>\n\t\t<\/div>\n\t\t\t\t\t\t<\/div>\n\t\t\t\t<\/div>\n\t\t\t\t\t<\/div>\n\t\t<\/div>\n\t\t\t\t\t<\/div>\n\t\t<\/section>\n\t\t\t\t<section class=\"elementor-section elementor-top-section elementor-element elementor-element-2c958cf elementor-section-boxed elementor-section-height-default elementor-section-height-default\" data-id=\"2c958cf\" data-element_type=\"section\" data-e-type=\"section\">\n\t\t\t\t\t\t<div class=\"elementor-container elementor-column-gap-default\">\n\t\t\t\t\t<div class=\"elementor-column elementor-col-100 elementor-top-column elementor-element elementor-element-33140bf\" data-id=\"33140bf\" data-element_type=\"column\" data-e-type=\"column\">\n\t\t\t<div class=\"elementor-widget-wrap elementor-element-populated\">\n\t\t\t\t\t\t<div class=\"elementor-element elementor-element-f2ec97d elementor-widget elementor-widget-text-editor\" data-id=\"f2ec97d\" data-element_type=\"widget\" data-e-type=\"widget\" data-widget_type=\"text-editor.default\">\n\t\t\t\t<div class=\"elementor-widget-container\">\n\t\t\t\t\t\t\t\t\t<p>Ciao,<\/p><p>voglio provocare le tue riflessioni condividendo con te l&#8217;idea (secondo me non tanto) assurda di favorire il cosiddetto &#8220;Effetto De Medici&#8221; in Sardegna.<\/p><p>Cosa intendo? <\/p>\t\t\t\t\t\t\t\t<\/div>\n\t\t\t\t<\/div>\n\t\t\t\t<div class=\"elementor-element elementor-element-7600a76 elementor-widget elementor-widget-heading\" data-id=\"7600a76\" data-element_type=\"widget\" data-e-type=\"widget\" data-widget_type=\"heading.default\">\n\t\t\t\t<div class=\"elementor-widget-container\">\n\t\t\t\t\t<h3 class=\"elementor-heading-title elementor-size-large\">Effetto De Medici<\/h3>\t\t\t\t<\/div>\n\t\t\t\t<\/div>\n\t\t\t\t<section class=\"elementor-section elementor-inner-section elementor-element elementor-element-02dafbd elementor-section-boxed elementor-section-height-default elementor-section-height-default\" data-id=\"02dafbd\" data-element_type=\"section\" data-e-type=\"section\">\n\t\t\t\t\t\t<div class=\"elementor-container elementor-column-gap-default\">\n\t\t\t\t\t<div class=\"elementor-column elementor-col-50 elementor-inner-column elementor-element elementor-element-f987095\" data-id=\"f987095\" data-element_type=\"column\" data-e-type=\"column\">\n\t\t\t<div class=\"elementor-widget-wrap elementor-element-populated\">\n\t\t\t\t\t\t<div class=\"elementor-element elementor-element-6abd946 elementor-widget elementor-widget-text-editor\" data-id=\"6abd946\" data-element_type=\"widget\" data-e-type=\"widget\" data-widget_type=\"text-editor.default\">\n\t\t\t\t<div class=\"elementor-widget-container\">\n\t\t\t\t\t\t\t\t\t<p>Da poco ho ripreso in mano il libro intitolato <em><strong>\u201cDe Medici Effect\u201d<\/strong> <\/em>(in italiano, <em>\u201cL\u2019effetto De Medici\u201d<\/em>) di Frans Johansson.<\/p><p>Come puoi immaginare e\u2019 un libro che, prendendo spunto dal mecenatismo della famiglia De Medici durante il Rinascimento italiano, promuove un approccio basato sull&#8217;idea che la creativit\u00e0 e l&#8217;innovazione fioriscano quando persone e idee diverse si incontrano e collaborano.<\/p><p>All&#8217;inizio del XIV secolo, i leader di una citt\u00e0 toscana poco conosciuta sulle rive del fiume Arno formulavano un piano tanto visionario quanto storicamente significativo: puntavano a trasformare Firenze in uno dei grandi centri del commercio, dell&#8217;arte, dell&#8217;architettura e della cultura.<\/p><p>Se ci pensi, all&#8217;epoca Firenze non era particolarmente ricca, non aveva particolari risorse naturali, era debole militarmente e circondata da rivali.<\/p><p>E\u2019 come se il suo successo possa essere attribuito ad una <strong>spinta mentale<\/strong>, abilitata e ampliata dalla visione dei De Medici. Cosi\u2019 Firenze emergeva come uno dei centri culturali pi\u00f9 importanti del mondo.<\/p><p>Il concetto chiave del libro quindi \u00e8 riassunto nell&#8217;idea che il potenziale per trasformazioni rivoluzionarie aumenta esponenzialmente quando individui talentuosi e idee provenienti da contesti diversi si incontrano, collaborano, si contaminano.<\/p>\t\t\t\t\t\t\t\t<\/div>\n\t\t\t\t<\/div>\n\t\t\t\t\t<\/div>\n\t\t<\/div>\n\t\t\t\t<div class=\"elementor-column elementor-col-50 elementor-inner-column elementor-element elementor-element-924dcad\" data-id=\"924dcad\" data-element_type=\"column\" data-e-type=\"column\">\n\t\t\t<div class=\"elementor-widget-wrap elementor-element-populated\">\n\t\t\t\t\t\t<div class=\"elementor-element elementor-element-b108fb2 elementor-widget elementor-widget-image\" data-id=\"b108fb2\" data-element_type=\"widget\" data-e-type=\"widget\" data-widget_type=\"image.default\">\n\t\t\t\t<div class=\"elementor-widget-container\">\n\t\t\t\t\t\t\t\t\t\t\t\t\t\t\t<img fetchpriority=\"high\" decoding=\"async\" width=\"183\" height=\"275\" src=\"https:\/\/nodi-itaca.com\/wp-content\/uploads\/2024\/01\/medici.jpg\" class=\"attachment-large size-large wp-image-3493\" alt=\"\" \/>\t\t\t\t\t\t\t\t\t\t\t\t\t\t\t<\/div>\n\t\t\t\t<\/div>\n\t\t\t\t\t<\/div>\n\t\t<\/div>\n\t\t\t\t\t<\/div>\n\t\t<\/section>\n\t\t\t\t<div class=\"elementor-element elementor-element-9046a65 elementor-widget elementor-widget-text-editor\" data-id=\"9046a65\" data-element_type=\"widget\" data-e-type=\"widget\" data-widget_type=\"text-editor.default\">\n\t\t\t\t<div class=\"elementor-widget-container\">\n\t\t\t\t\t\t\t\t\t<p><em><strong>Una manciata di secoli pi\u00f9 tardi&#8230;<\/strong><\/em><\/p>\t\t\t\t\t\t\t\t<\/div>\n\t\t\t\t<\/div>\n\t\t\t\t<div class=\"elementor-element elementor-element-aa9fe81 elementor-widget elementor-widget-text-editor\" data-id=\"aa9fe81\" data-element_type=\"widget\" data-e-type=\"widget\" data-widget_type=\"text-editor.default\">\n\t\t\t\t<div class=\"elementor-widget-container\">\n\t\t\t\t\t\t\t\t\t<p>Esempi di cosiddetti <strong>(eco)sistemi<\/strong> che nascono e si sviluppano fino a diventare \u201cplaces to be\u201d (come menzionato in una delle precedenti newsletter di NODI) non mancano.<\/p><p>Allora mi domando:<strong> e se la Sardegna diventasse il luogo in cui la diversit\u00e0 culturale e intellettuale si fondono in un unico calderone creativo?<\/strong><\/p><p>In questo scenario, l&#8217;isola potrebbe attingere al suo capitale umano, collegando talenti locali a individui provenienti da tutto il mondo.<\/p><p>Questa convergenza di menti e idee pu\u00f2 innescare una nuova ondata di innovazione e trasformazione.<\/p><p>La Sardegna ha l&#8217;opportunit\u00e0 di sfruttare (nel senso di valorizzare) il suo <strong>capitale umano ed abilitare la creazione di una comunit\u00e0 internazionale e intergenerazionale di immenso valore e potenziale<\/strong>.<\/p><p>Facilitando <strong>connessioni e (vera) cooperazione<\/strong> tra individui di diversa estrazione, sia all&#8217;interno che al di fuori dei confini dell&#8217;isola, la Sardegna pu\u00f2 innescare un&#8217;ondata di innovazione e diventare un polo globale di scambio creativo.<\/p><p>Immagina cosa vorrebbe dire superare i limiti convenzionali e promuovere la collaborazione tra vari settori, dalle arti alla scienza, dalla tecnologia all&#8217;innovazione sociale.<\/p>\t\t\t\t\t\t\t\t<\/div>\n\t\t\t\t<\/div>\n\t\t\t\t<div class=\"elementor-element elementor-element-322e9e0 elementor-widget elementor-widget-text-editor\" data-id=\"322e9e0\" data-element_type=\"widget\" data-e-type=\"widget\" data-widget_type=\"text-editor.default\">\n\t\t\t\t<div class=\"elementor-widget-container\">\n\t\t\t\t\t\t\t\t\t<p><em><strong>Facis de necessitate virtutem.<\/strong><\/em><\/p>\t\t\t\t\t\t\t\t<\/div>\n\t\t\t\t<\/div>\n\t\t\t\t<div class=\"elementor-element elementor-element-a24a707 elementor-widget elementor-widget-text-editor\" data-id=\"a24a707\" data-element_type=\"widget\" data-e-type=\"widget\" data-widget_type=\"text-editor.default\">\n\t\t\t\t<div class=\"elementor-widget-container\">\n\t\t\t\t\t\t\t\t\t<p>Proprio come la famiglia De Medici ha abilitato una vasta gamma di artisti, pensatori, architetti e filosofi (scatenando una rinascita dell&#8217;innovazione), la Sardegna pu\u00f2 creare un ambiente che favorisca l&#8217;intersezione di idee e talenti provenienti da campi diversi, sbloccando il suo potenziale creativo e diventando un faro per il cambiamento globale.<\/p><p>Resta da capire quali sarebbero gli elementi abilitanti un tale ambiente. L&#8217;effetto De Medici in Sardegna pu\u00f2 nascere da una combinazione di fattori, dalle iniziative locali alla promozione della diversit\u00e0 e dell&#8217;interdisciplinarit\u00e0.<\/p><p>La strada non \u00e8 sempre (e necessariamente) tracciata esclusivamente da decisioni formali, ma pu\u00f2 anche emergere dall&#8217;entusiasmo e dall&#8217;azione delle persone. Le idee, le iniziative, i progetti, e gli esempi virtuosi non mancano, mi pare \u2013 sia dentro che fuori dall&#8217;isola.<\/p><ul><li>Come abilitarli?\u00a0<\/li><li>Come rispettarne le diversit\u00e0 e le peculiarit\u00e0 ma allo stesso tempo favorirne la crescita e la contaminazione reciproca?\u00a0<\/li><li>Come superare la frammentazione e far si che l&#8217;intero sia pi\u00f9 grande della somma delle parti?\u00a0<\/li><\/ul>\t\t\t\t\t\t\t\t<\/div>\n\t\t\t\t<\/div>\n\t\t\t\t<div class=\"elementor-element elementor-element-91c9019 elementor-widget elementor-widget-spacer\" data-id=\"91c9019\" data-element_type=\"widget\" data-e-type=\"widget\" data-widget_type=\"spacer.default\">\n\t\t\t\t<div class=\"elementor-widget-container\">\n\t\t\t\t\t\t\t<div class=\"elementor-spacer\">\n\t\t\t<div class=\"elementor-spacer-inner\"><\/div>\n\t\t<\/div>\n\t\t\t\t\t\t<\/div>\n\t\t\t\t<\/div>\n\t\t\t\t<div class=\"elementor-element elementor-element-b98df42 elementor-widget elementor-widget-text-editor\" data-id=\"b98df42\" data-element_type=\"widget\" data-e-type=\"widget\" data-widget_type=\"text-editor.default\">\n\t\t\t\t<div class=\"elementor-widget-container\">\n\t\t\t\t\t\t\t\t\t<p>Ti lascio con queste domande e sono curioso di leggere\/ascoltare le tue riflessioni.<\/p><p>Intanto grazie per la lettura e a presto,<\/p><p>Federico<\/p><p>\u00a0<\/p><p>Se hai trovato questa newsletter di ispirazione, inoltrala pure ai tuoi contatti invitandoli ad iscriversi a loro volta. Ti ringrazio!<\/p><p>P.S.: Non dimenticare che puoi seguire il podcast ITACA su tutte le principali piattaforme, oppure direttamente dal sito NODI nella <strong><span style=\"text-decoration: underline;\"><a href=\"https:\/\/nodi-itaca.com\/index.php\/itaca\/\" target=\"_blank\" rel=\"noopener\">sezione dedicata<\/a><\/span><\/strong> (con tutti gli episodi e una mappa interattiva!).<\/p>\t\t\t\t\t\t\t\t<\/div>\n\t\t\t\t<\/div>\n\t\t\t\t\t<\/div>\n\t\t<\/div>\n\t\t\t\t\t<\/div>\n\t\t<\/section>\n\t\t\t\t<section class=\"elementor-section elementor-top-section elementor-element elementor-element-d00be47 elementor-section-boxed elementor-section-height-default elementor-section-height-default\" data-id=\"d00be47\" data-element_type=\"section\" data-e-type=\"section\">\n\t\t\t\t\t\t<div class=\"elementor-container elementor-column-gap-default\">\n\t\t\t\t\t<div class=\"elementor-column elementor-col-100 elementor-top-column elementor-element elementor-element-6387394\" data-id=\"6387394\" data-element_type=\"column\" data-e-type=\"column\">\n\t\t\t<div class=\"elementor-widget-wrap elementor-element-populated\">\n\t\t\t\t\t\t<div class=\"elementor-element elementor-element-d9125ed elementor-widget elementor-widget-spacer\" data-id=\"d9125ed\" data-element_type=\"widget\" data-e-type=\"widget\" data-widget_type=\"spacer.default\">\n\t\t\t\t<div class=\"elementor-widget-container\">\n\t\t\t\t\t\t\t<div class=\"elementor-spacer\">\n\t\t\t<div class=\"elementor-spacer-inner\"><\/div>\n\t\t<\/div>\n\t\t\t\t\t\t<\/div>\n\t\t\t\t<\/div>\n\t\t\t\t\t<\/div>\n\t\t<\/div>\n\t\t\t\t\t<\/div>\n\t\t<\/section>\n\t\t\t\t<\/div>\n\t\t","protected":false},"excerpt":{"rendered":"<p>Newsletter n. 9 a cura di Federico Esu Ciao, voglio provocare le tue riflessioni condividendo con te l&#8217;idea (secondo me non tanto) assurda di favorire il cosiddetto &#8220;Effetto De Medici&#8221; in Sardegna. Cosa intendo? Effetto De Medici Da poco ho ripreso in mano il libro intitolato \u201cDe Medici Effect\u201d (in italiano, \u201cL\u2019effetto De Medici\u201d) di [&hellip;]<\/p>\n","protected":false},"author":1,"featured_media":0,"parent":11,"menu_order":0,"comment_status":"closed","ping_status":"closed","template":"","meta":{"_themeisle_gutenberg_block_has_review":false,"footnotes":""},"class_list":["post-3310","page","type-page","status-publish","hentry"],"yoast_head":"<!-- This site is optimized with the Yoast SEO plugin v27.5 - https:\/\/yoast.com\/product\/yoast-seo-wordpress\/ -->\n<title>Newsletter 9 - 2\/11\/2023 - NODI<\/title>\n<meta name=\"robots\" content=\"noindex, follow\" \/>\n<meta property=\"og:locale\" content=\"en_US\" \/>\n<meta property=\"og:type\" content=\"article\" \/>\n<meta property=\"og:title\" content=\"Newsletter 9 - 2\/11\/2023 - NODI\" \/>\n<meta property=\"og:description\" content=\"Newsletter n. 9 a cura di Federico Esu Ciao, voglio provocare le tue riflessioni condividendo con te l&#8217;idea (secondo me non tanto) assurda di favorire il cosiddetto &#8220;Effetto De Medici&#8221; in Sardegna. Cosa intendo? Effetto De Medici Da poco ho ripreso in mano il libro intitolato \u201cDe Medici Effect\u201d (in italiano, \u201cL\u2019effetto De Medici\u201d) di [&hellip;]\" \/>\n<meta property=\"og:url\" content=\"https:\/\/nodi-itaca.com\/index.php\/lasciati-ispirare\/newsletter-9-2-11-2023\/\" \/>\n<meta property=\"og:site_name\" content=\"NODI\" \/>\n<meta property=\"article:modified_time\" content=\"2024-12-02T18:40:43+00:00\" \/>\n<meta property=\"og:image\" content=\"https:\/\/nodi-itaca.com\/wp-content\/uploads\/2024\/01\/medici.jpg\" \/>\n<meta name=\"twitter:card\" content=\"summary_large_image\" \/>\n<meta name=\"twitter:label1\" content=\"Est. reading time\" \/>\n\t<meta name=\"twitter:data1\" content=\"3 minutes\" \/>\n<script type=\"application\/ld+json\" class=\"yoast-schema-graph\">{\"@context\":\"https:\\\/\\\/schema.org\",\"@graph\":[{\"@type\":\"WebPage\",\"@id\":\"https:\\\/\\\/nodi-itaca.com\\\/index.php\\\/lasciati-ispirare\\\/newsletter-9-2-11-2023\\\/\",\"url\":\"https:\\\/\\\/nodi-itaca.com\\\/index.php\\\/lasciati-ispirare\\\/newsletter-9-2-11-2023\\\/\",\"name\":\"Newsletter 9 - 2\\\/11\\\/2023 - NODI\",\"isPartOf\":{\"@id\":\"https:\\\/\\\/nodi-itaca.com\\\/#website\"},\"primaryImageOfPage\":{\"@id\":\"https:\\\/\\\/nodi-itaca.com\\\/index.php\\\/lasciati-ispirare\\\/newsletter-9-2-11-2023\\\/#primaryimage\"},\"image\":{\"@id\":\"https:\\\/\\\/nodi-itaca.com\\\/index.php\\\/lasciati-ispirare\\\/newsletter-9-2-11-2023\\\/#primaryimage\"},\"thumbnailUrl\":\"https:\\\/\\\/nodi-itaca.com\\\/wp-content\\\/uploads\\\/2024\\\/01\\\/medici.jpg\",\"datePublished\":\"2023-11-20T16:00:10+00:00\",\"dateModified\":\"2024-12-02T18:40:43+00:00\",\"breadcrumb\":{\"@id\":\"https:\\\/\\\/nodi-itaca.com\\\/index.php\\\/lasciati-ispirare\\\/newsletter-9-2-11-2023\\\/#breadcrumb\"},\"inLanguage\":\"en-US\",\"potentialAction\":[{\"@type\":\"ReadAction\",\"target\":[\"https:\\\/\\\/nodi-itaca.com\\\/index.php\\\/lasciati-ispirare\\\/newsletter-9-2-11-2023\\\/\"]}]},{\"@type\":\"ImageObject\",\"inLanguage\":\"en-US\",\"@id\":\"https:\\\/\\\/nodi-itaca.com\\\/index.php\\\/lasciati-ispirare\\\/newsletter-9-2-11-2023\\\/#primaryimage\",\"url\":\"https:\\\/\\\/nodi-itaca.com\\\/wp-content\\\/uploads\\\/2024\\\/01\\\/medici.jpg\",\"contentUrl\":\"https:\\\/\\\/nodi-itaca.com\\\/wp-content\\\/uploads\\\/2024\\\/01\\\/medici.jpg\",\"width\":183,\"height\":275},{\"@type\":\"BreadcrumbList\",\"@id\":\"https:\\\/\\\/nodi-itaca.com\\\/index.php\\\/lasciati-ispirare\\\/newsletter-9-2-11-2023\\\/#breadcrumb\",\"itemListElement\":[{\"@type\":\"ListItem\",\"position\":1,\"name\":\"Home\",\"item\":\"https:\\\/\\\/nodi-itaca.com\\\/\"},{\"@type\":\"ListItem\",\"position\":2,\"name\":\"Lasciati ispirare\",\"item\":\"https:\\\/\\\/nodi-itaca.com\\\/index.php\\\/lasciati-ispirare\\\/\"},{\"@type\":\"ListItem\",\"position\":3,\"name\":\"Newsletter 9 &#8211; 2\\\/11\\\/2023\"}]},{\"@type\":\"WebSite\",\"@id\":\"https:\\\/\\\/nodi-itaca.com\\\/#website\",\"url\":\"https:\\\/\\\/nodi-itaca.com\\\/\",\"name\":\"NODI\",\"description\":\"tessendo un mantello per la Sardegna\",\"publisher\":{\"@id\":\"https:\\\/\\\/nodi-itaca.com\\\/#organization\"},\"potentialAction\":[{\"@type\":\"SearchAction\",\"target\":{\"@type\":\"EntryPoint\",\"urlTemplate\":\"https:\\\/\\\/nodi-itaca.com\\\/?s={search_term_string}\"},\"query-input\":{\"@type\":\"PropertyValueSpecification\",\"valueRequired\":true,\"valueName\":\"search_term_string\"}}],\"inLanguage\":\"en-US\"},{\"@type\":\"Organization\",\"@id\":\"https:\\\/\\\/nodi-itaca.com\\\/#organization\",\"name\":\"NODI\",\"url\":\"https:\\\/\\\/nodi-itaca.com\\\/\",\"logo\":{\"@type\":\"ImageObject\",\"inLanguage\":\"en-US\",\"@id\":\"https:\\\/\\\/nodi-itaca.com\\\/#\\\/schema\\\/logo\\\/image\\\/\",\"url\":\"https:\\\/\\\/nodi-itaca.com\\\/wp-content\\\/uploads\\\/2022\\\/03\\\/NODI-LOGO.png\",\"contentUrl\":\"https:\\\/\\\/nodi-itaca.com\\\/wp-content\\\/uploads\\\/2022\\\/03\\\/NODI-LOGO.png\",\"width\":562,\"height\":562,\"caption\":\"NODI\"},\"image\":{\"@id\":\"https:\\\/\\\/nodi-itaca.com\\\/#\\\/schema\\\/logo\\\/image\\\/\"}}]}<\/script>\n<!-- \/ Yoast SEO plugin. -->","yoast_head_json":{"title":"Newsletter 9 - 2\/11\/2023 - NODI","robots":{"index":"noindex","follow":"follow"},"og_locale":"en_US","og_type":"article","og_title":"Newsletter 9 - 2\/11\/2023 - NODI","og_description":"Newsletter n. 9 a cura di Federico Esu Ciao, voglio provocare le tue riflessioni condividendo con te l&#8217;idea (secondo me non tanto) assurda di favorire il cosiddetto &#8220;Effetto De Medici&#8221; in Sardegna. Cosa intendo? Effetto De Medici Da poco ho ripreso in mano il libro intitolato \u201cDe Medici Effect\u201d (in italiano, \u201cL\u2019effetto De Medici\u201d) di [&hellip;]","og_url":"https:\/\/nodi-itaca.com\/index.php\/lasciati-ispirare\/newsletter-9-2-11-2023\/","og_site_name":"NODI","article_modified_time":"2024-12-02T18:40:43+00:00","og_image":[{"url":"https:\/\/nodi-itaca.com\/wp-content\/uploads\/2024\/01\/medici.jpg","type":"","width":"","height":""}],"twitter_card":"summary_large_image","twitter_misc":{"Est. reading time":"3 minutes"},"schema":{"@context":"https:\/\/schema.org","@graph":[{"@type":"WebPage","@id":"https:\/\/nodi-itaca.com\/index.php\/lasciati-ispirare\/newsletter-9-2-11-2023\/","url":"https:\/\/nodi-itaca.com\/index.php\/lasciati-ispirare\/newsletter-9-2-11-2023\/","name":"Newsletter 9 - 2\/11\/2023 - NODI","isPartOf":{"@id":"https:\/\/nodi-itaca.com\/#website"},"primaryImageOfPage":{"@id":"https:\/\/nodi-itaca.com\/index.php\/lasciati-ispirare\/newsletter-9-2-11-2023\/#primaryimage"},"image":{"@id":"https:\/\/nodi-itaca.com\/index.php\/lasciati-ispirare\/newsletter-9-2-11-2023\/#primaryimage"},"thumbnailUrl":"https:\/\/nodi-itaca.com\/wp-content\/uploads\/2024\/01\/medici.jpg","datePublished":"2023-11-20T16:00:10+00:00","dateModified":"2024-12-02T18:40:43+00:00","breadcrumb":{"@id":"https:\/\/nodi-itaca.com\/index.php\/lasciati-ispirare\/newsletter-9-2-11-2023\/#breadcrumb"},"inLanguage":"en-US","potentialAction":[{"@type":"ReadAction","target":["https:\/\/nodi-itaca.com\/index.php\/lasciati-ispirare\/newsletter-9-2-11-2023\/"]}]},{"@type":"ImageObject","inLanguage":"en-US","@id":"https:\/\/nodi-itaca.com\/index.php\/lasciati-ispirare\/newsletter-9-2-11-2023\/#primaryimage","url":"https:\/\/nodi-itaca.com\/wp-content\/uploads\/2024\/01\/medici.jpg","contentUrl":"https:\/\/nodi-itaca.com\/wp-content\/uploads\/2024\/01\/medici.jpg","width":183,"height":275},{"@type":"BreadcrumbList","@id":"https:\/\/nodi-itaca.com\/index.php\/lasciati-ispirare\/newsletter-9-2-11-2023\/#breadcrumb","itemListElement":[{"@type":"ListItem","position":1,"name":"Home","item":"https:\/\/nodi-itaca.com\/"},{"@type":"ListItem","position":2,"name":"Lasciati ispirare","item":"https:\/\/nodi-itaca.com\/index.php\/lasciati-ispirare\/"},{"@type":"ListItem","position":3,"name":"Newsletter 9 &#8211; 2\/11\/2023"}]},{"@type":"WebSite","@id":"https:\/\/nodi-itaca.com\/#website","url":"https:\/\/nodi-itaca.com\/","name":"NODI","description":"tessendo un mantello per la Sardegna","publisher":{"@id":"https:\/\/nodi-itaca.com\/#organization"},"potentialAction":[{"@type":"SearchAction","target":{"@type":"EntryPoint","urlTemplate":"https:\/\/nodi-itaca.com\/?s={search_term_string}"},"query-input":{"@type":"PropertyValueSpecification","valueRequired":true,"valueName":"search_term_string"}}],"inLanguage":"en-US"},{"@type":"Organization","@id":"https:\/\/nodi-itaca.com\/#organization","name":"NODI","url":"https:\/\/nodi-itaca.com\/","logo":{"@type":"ImageObject","inLanguage":"en-US","@id":"https:\/\/nodi-itaca.com\/#\/schema\/logo\/image\/","url":"https:\/\/nodi-itaca.com\/wp-content\/uploads\/2022\/03\/NODI-LOGO.png","contentUrl":"https:\/\/nodi-itaca.com\/wp-content\/uploads\/2022\/03\/NODI-LOGO.png","width":562,"height":562,"caption":"NODI"},"image":{"@id":"https:\/\/nodi-itaca.com\/#\/schema\/logo\/image\/"}}]}},"_links":{"self":[{"href":"https:\/\/nodi-itaca.com\/index.php\/wp-json\/wp\/v2\/pages\/3310","targetHints":{"allow":["GET"]}}],"collection":[{"href":"https:\/\/nodi-itaca.com\/index.php\/wp-json\/wp\/v2\/pages"}],"about":[{"href":"https:\/\/nodi-itaca.com\/index.php\/wp-json\/wp\/v2\/types\/page"}],"author":[{"embeddable":true,"href":"https:\/\/nodi-itaca.com\/index.php\/wp-json\/wp\/v2\/users\/1"}],"replies":[{"embeddable":true,"href":"https:\/\/nodi-itaca.com\/index.php\/wp-json\/wp\/v2\/comments?post=3310"}],"version-history":[{"count":11,"href":"https:\/\/nodi-itaca.com\/index.php\/wp-json\/wp\/v2\/pages\/3310\/revisions"}],"predecessor-version":[{"id":5261,"href":"https:\/\/nodi-itaca.com\/index.php\/wp-json\/wp\/v2\/pages\/3310\/revisions\/5261"}],"up":[{"embeddable":true,"href":"https:\/\/nodi-itaca.com\/index.php\/wp-json\/wp\/v2\/pages\/11"}],"wp:attachment":[{"href":"https:\/\/nodi-itaca.com\/index.php\/wp-json\/wp\/v2\/media?parent=3310"}],"curies":[{"name":"wp","href":"https:\/\/api.w.org\/{rel}","templated":true}]}}